{"id":2488,"date":"2018-04-21T03:41:09","date_gmt":"2018-04-21T01:41:09","guid":{"rendered":"https:\/\/www.thermeamade.at\/datenschutz\/"},"modified":"2018-08-08T17:37:23","modified_gmt":"2018-08-08T15:37:23","slug":"data-privacy","status":"publish","type":"page","link":"https:\/\/www.thermeamade.at\/en\/data-privacy\/","title":{"rendered":"Data Privacy"},"content":{"rendered":"<div class=\"wpb-content-wrapper\"><p>[vc_row][vc_column][vc_column_text]<\/p>\n<h1>Data Privacy Declaration<\/h1>\n<p>[\/vc_column_text][\/vc_column][\/vc_row][vc_row][vc_column][vc_column_text]Verantwortlich f\u00fcr die Verarbeitung Ihrer personenbezogenen Daten auf unserer Website ist die <strong>Therme Amad\u00e9 Badbetriebsf\u00fchrungs GmbH<\/strong>, Obere Marktstra\u00dfe 70, A-5541 Altenmarkt im Pongau. Wir nehmen den Schutz Ihrer pers\u00f6nlichen Daten sehr ernst. Wir behandeln Ihre personenbezogenen Daten vertraulich und entsprechend der gesetzlichen Datenschutzvorschriften sowie dieser Datenschutzerkl\u00e4rung. Ihre Daten werden ohne Ihre ausdr\u00fcckliche Zustimmung nicht an andere Empf\u00e4nger weitergegeben.<\/p>\n<p>&nbsp;<\/p>\n<p><strong>\u201eTeilen\u201c-Buttons<\/strong><\/p>\n<p>Unsere Website verf\u00fcgt auf machen Seiten \u00fcber Buttons zum Teilen der Seiteninhalte auf den Social Media-Plattformen Facebook, Twitter, Google Plus, Pinterest. Die Buttons sind im Sinn des Schutzes der personenbezogenen Daten unserer Websitebesucher ideal ausgestaltet, da das hinter den Buttons liegende Skript (Computerprogramm) <strong>keine personenbezogenen Daten<\/strong> erfasst oder verarbeitet. Websitebesucher, die unsere Seite teilen wollen, werden bei Klick auf die Buttons direkt auf die \u201eTeilen\u201c-Seiten der jeweiligen Social Media-Plattformen geleitet. Erst dort werden die zum Teilen der Seiteninhalte notwendigen Skripte geladen. Dabei gelten dann die vom Websitebesucher mit den jeweiligen Social Media-Plattformen vereinbarten Gesch\u00e4fts- und Datenschutzbedingungen. Genaue Informationen dar\u00fcber bieten die jeweiligen Plattformen <a href=\"https:\/\/www.facebook.com\/policy.php\" target=\"_blank\" rel=\"noopener\">Facebook<\/a>, <a href=\"https:\/\/www.google.com\/intl\/de\/policies\/privacy\/\" target=\"_blank\" rel=\"noopener\">Google Plus<\/a>, <a href=\"https:\/\/help.twitter.com\/de\/rules-and-policies\/twitter-rules\" target=\"_blank\" rel=\"noopener\">Twitter<\/a>, <a href=\"https:\/\/policy.pinterest.com\/en\" target=\"_blank\" rel=\"noopener\">Pinterest<\/a>.<\/p>\n<p>&nbsp;<\/p>\n<p><strong>Cookies<\/strong><\/p>\n<p>Diese Website verwendet Cookies. Cookies machen Websites f\u00fcr den Benutzer benutzerfreundlicher und effizienter. Ein Cookie ist eine kleine Textdatei, die zur Speicherung von Informationen dient. Beim Besuch einer Website kann die Website auf dem Computer des Website-Besuchers ein Cookie platzieren. Besucht der Benutzer die Website sp\u00e4ter wieder, kann die Website die Daten des fr\u00fcher gespeicherten Cookies auslesen und so z.B. feststellen, ob der Benutzer die Website schon fr\u00fcher besucht hat und f\u00fcr welche Bereiche der Website sich der Benutzer besonders interessiert hat. Mehr Informationen zu Cookies erhalten Sie auf <a href=\"http:\/\/de.wikipedia.org\/wiki\/HTTP-Cookie\" target=\"_blank\" rel=\"noopener\">WIKIPEDIA<\/a><\/p>\n<p>&nbsp;<\/p>\n<p><strong>\u00c4ndern der Cookie-Einstellungen<\/strong><br \/>\nWie der Web-Browser mit Cookies umgeht, welche Cookies zugelassen oder abgelehnt werden, kann der Benutzer in den Einstellungen des Web-Browsers festlegen. Wo genau sich diese Einstellungen befinden, h\u00e4ngt vom jeweiligen Web-Browser ab. Detailinformationen dazu k\u00f6nnen \u00fcber die Hilfe-Funktion des jeweiligen Web-Browsers aufgerufen werden. Wenn die Nutzung von Cookies eingeschr\u00e4nkt wird, sind unter Umst\u00e4nden nicht mehr alle Funktionen dieser Website vollumf\u00e4nglich nutzbar.<\/p>\n<p>&nbsp;<\/p>\n<p><strong>Cookies auf unserer Website<\/strong><br \/>\nUnsere Website verwendet folgende Anbieter:<br \/>\nGoogle Analytics<br \/>\nGoogle Adwords<br \/>\nGoogle Tag Manager<br \/>\nFacebook Connect<br \/>\nFacebook Custom Audience<br \/>\nFacebook Pixel<br \/>\nTwitter Badge<br \/>\nAddThis<\/p>\n<p>&nbsp;<\/p>\n<p><strong>Google Analytics<\/strong><\/p>\n<p>Diese Website verwendet Google Analytics, einen Webanalysedienst der Google Inc, 1600 Amphitheatre Parkway Mountain View, CA 94043, USA (\u201eGoogle\u201c). Wir haben dazu mit Google einen Vertrag zur Auftragsdatenverarbeitung abgeschlossen. Die \u00dcbermittlung der Daten in die USA erfolgt auf Grundlage des Privacy Shields. Beim Aufruf unserer Webseite wird \u00fcber eine Software eine Verbindung zu den Servern von Google hergestellt und Daten an teils in den USA befindliche Server von Google \u00fcbermittelt. Google Analytics verwendet zudem Cookies zur Speicherung von Informationen \u00fcber den Website-Benutzer und zur Analyse der Benutzung der Website durch die Website-Benutzer. Diese Website nutzt die Funktion \u201eAktivierung der IP-Anonymisierung\u201c. Dadurch wird Ihre IP-Adresse von Google innerhalb von Mitgliedstaaten der Europ\u00e4ischen Union oder in anderen Vertragsstaaten des Abkommens \u00fcber den Europ\u00e4ischen Wirtschaftsraum zuvor gek\u00fcrzt. Nur in Ausnahmef\u00e4llen wird die volle IP-Adresse an einen Server von Google in den USA \u00fcbertragen und dort gek\u00fcrzt. Laut Angaben von Google wird Google die erhobenen Daten benutzen, um die Nutzung der Website auszuwerten, um Reports \u00fcber die Websiteaktivit\u00e4ten zusammenzustellen und um weitere mit der Websitenutzung und der Internetnutzung verbundene Dienstleistungen zu erbringen. Auch wird Google diese Informationen gegebenenfalls an Dritte \u00fcbertragen, sofern dies gesetzlich vorgeschrieben ist oder soweit Dritte diese Daten im Auftrag von Google verarbeiten. Detaillierte Informationen zum Umgang mit Nutzerdaten bei Google Analytics finden Sie in der Datenschutzerkl\u00e4rung von <a href=\"https:\/\/www.google.com\/intl\/de\/policies\/privacy\/\" target=\"_blank\" rel=\"noopener\">Google<\/a> bzw. von <a href=\"https:\/\/support.google.com\/analytics\/answer\/6004245?hl=de\" target=\"_blank\" rel=\"noopener\">Google Analytics<\/a>.<\/p>\n<p>&nbsp;<\/p>\n<p><strong>Google Analytics deaktivieren<\/strong><\/p>\n<ul>\n<li>Sie k\u00f6nnen die Erfassung Ihrer Nutzerdaten durch Google Analytics generell <strong>auf allen Websites<\/strong> verhindern, indem Sie das unter dem folgenden Link verf\u00fcgbare Browser-Plugin herunterladen und installieren: <u><a href=\"https:\/\/tools.google.com\/dlpage\/gaoptout?hl=de\" target=\"_blank\" rel=\"noopener\">https:\/\/tools.google.com\/dlpage\/gaoptout?hl=de<\/a><\/u><\/li>\n<li>Sie k\u00f6nnen die Erfassung Ihrer Nutzerdaten durch Google Analytics <strong>nur auf dieser Website<\/strong>verhindern, indem Sie auf folgenden Link klicken. Es wird ein Opt-Out-Cookie gesetzt, das die Erfassung Ihrer Daten bei zuk\u00fcnftigen Besuchen dieser Website verhindert: Google Analytics deaktivieren.<\/li>\n<\/ul>\n<p>&nbsp;<\/p>\n<p><strong>Facebook Pixel<\/strong><\/p>\n<p>Diese Website verwendet Facebook Pixel, einen Webanalysedienst der Facebook Ireland Limited, 4 Grand Canal Square, Dublin 2, Irland (\u201eFacebook\u201c). Wir haben dazu mit Facebook einen Vertrag zur Auftragsdatenverarbeitung abgeschlossen. Die Daten werden teilweise in die USA \u00fcbertragen. Die \u00dcbermittlung der Daten in die USA erfolgt auf Grundlage des Privacy Shields. Beim Aufruf unserer Webseite wird \u00fcber eine Software eine Verbindung zu den Servern von Facebook hergestellt und Daten an teils in den USA befindliche Server von Facebook \u00fcbermittelt. Facebook Pixel verwendet zudem Cookies zur Speicherung von Informationen \u00fcber den Website-Benutzer und zur Analyse der Benutzung der Website durch die Website-Benutzer. Laut Angaben von Facebook wird Facebook die erhobenen Daten benutzen, um die Nutzung der Website auszuwerten, um Reports \u00fcber die Websiteaktivit\u00e4ten zusammenzustellen und um weitere mit der Websitenutzung und der Internetnutzung verbundene Dienstleistungen zu erbringen. Auch wird Facebook diese Informationen gegebenenfalls an Dritte \u00fcbertragen, sofern dies gesetzlich vorgeschrieben ist oder soweit Dritte diese Daten im Auftrag von Facebook verarbeiten. Detaillierte Informationen zum Umgang mit Nutzerdaten bei Facebook finden Sie in der Datenschutzerkl\u00e4rung von <a href=\"https:\/\/www.facebook.com\/privacy\/explanation\" target=\"_blank\" rel=\"noopener\">Facebook<\/a>.<\/p>\n<p>&nbsp;<\/p>\n<p><strong>Facebook Pixel deaktivieren<\/strong><\/p>\n<ul>\n<li>Sie k\u00f6nnen die Erfassung Ihrer Nutzerdaten durch Facebook Pixel nur auf dieser Website verhindern, indem Sie auf folgenden Link klicken. Es wird ein Opt-Out-Cookie gesetzt, das die Erfassung Ihrer Daten bei zuk\u00fcnftigen Besuchen dieser Website verhindert: <a href=\"https:\/\/www.facebook.com\/ads\/preferences\/?entry_product=ad_settings_screen\" target=\"_blank\" rel=\"noopener\">Facebook Pixel deaktivieren<\/a>.<\/li>\n<\/ul>\n<p>&nbsp;<\/p>\n<p><strong>Ihre Rechte<\/strong><\/p>\n<p>Sie haben das Recht auf Auskunft, Berichtigung, L\u00f6schung und Einschr\u00e4nkung der Verarbeitung der personenbezogenen Daten sowie das Recht auf Daten\u00fcbertragbarkeit. Sie haben das Recht auf Widerruf eventuell erteilter Einwilligungen zur Verarbeitung Ihrer personenbezogenen Daten. Die Rechtm\u00e4\u00dfigkeit der Verarbeitung der personenbezogenen Daten bis zum Widerruf wird durch den Widerruf nicht ber\u00fchrt. Sie haben das Recht auf Widerspruch gegen die Verarbeitung Ihrer personenbezogenen Daten zum Zweck der Direktwerbung. Im Fall des Widerspruchs werden Ihre personenbezogenen Daten nicht mehr zum Zwecke der Direktwerbung verarbeitet. Weiters haben Sie das Recht auf Beschwerde bei der Aufsichtsbeh\u00f6rde (\u00d6sterreichische Datenschutzbeh\u00f6rde, Wickenburggasse 8, 1080 Wien, <a href=\"mailto:dsb@dsb.gv.at\">dsb@dsb.gv.at<\/a>).[\/vc_column_text][\/vc_column][\/vc_row]<\/p>\n<\/div>","protected":false},"excerpt":{"rendered":"<p>[vc_row][vc_column][vc_column_text] Data Privacy Declaration [\/vc_column_text][\/vc_column][\/vc_row][vc_row][vc_column][vc_column_text]Verantwortlich f\u00fcr die Verarbeitung Ihrer personenbezogenen Daten auf unserer Website ist die Therme Amad\u00e9 Badbetriebsf\u00fchrungs GmbH, Obere Marktstra\u00dfe 70, A-5541 Altenmarkt im Pongau. Wir nehmen den Schutz Ihrer pers\u00f6nlichen Daten sehr ernst. Wir behandeln Ihre personenbezogenen Daten vertraulich und entsprechend der gesetzlichen Datenschutzvorschriften sowie dieser Datenschutzerkl\u00e4rung. Ihre Daten werden ohne Ihre &hellip;<\/p>\n\n<p><a class=\"readmore btn btn-default btn-default btn-block\" href=\"https:\/\/www.thermeamade.at\/en\/data-privacy\/\">Read More<\/a><\/p>","protected":false},"author":4,"featured_media":0,"parent":0,"menu_order":2,"comment_status":"closed","ping_status":"closed","template":"","meta":{"_acf_changed":false,"footnotes":""},"class_list":["post-2488","page","type-page","status-publish","hentry"],"acf":[],"yoast_head":"<!-- This site is optimized with the Yoast SEO plugin v27.1.1 - https:\/\/yoast.com\/product\/yoast-seo-wordpress\/ -->\n<title>Data Privacy - Erlebnis-Therme Amad\u00e9 in Altenmarkt, Salzburg<\/title>\n<meta name=\"description\" content=\"Data privacy declaration for Erlebnis-Therme Amad\u00e9\" \/>\n<meta name=\"robots\" content=\"index, follow, max-snippet:-1, max-image-preview:large, max-video-preview:-1\" \/>\n<link rel=\"canonical\" href=\"https:\/\/www.thermeamade.at\/en\/data-privacy\/\" \/>\n<meta property=\"og:locale\" content=\"en_US\" \/>\n<meta property=\"og:type\" content=\"article\" \/>\n<meta property=\"og:title\" content=\"Data Privacy - Erlebnis-Therme Amad\u00e9 in Altenmarkt, Salzburg\" \/>\n<meta property=\"og:description\" content=\"Data privacy declaration for Erlebnis-Therme Amad\u00e9\" \/>\n<meta property=\"og:url\" content=\"https:\/\/www.thermeamade.at\/en\/data-privacy\/\" \/>\n<meta property=\"og:site_name\" content=\"Erlebnis-Therme Amad\u00e9 in Altenmarkt, Salzburg\" \/>\n<meta property=\"article:modified_time\" content=\"2018-08-08T15:37:23+00:00\" \/>\n<meta name=\"twitter:card\" content=\"summary_large_image\" \/>\n<meta name=\"twitter:label1\" content=\"Est. reading time\" \/>\n\t<meta name=\"twitter:data1\" content=\"5 minutes\" \/>\n<script type=\"application\/ld+json\" class=\"yoast-schema-graph\">{\"@context\":\"https:\/\/schema.org\",\"@graph\":[{\"@type\":\"WebPage\",\"@id\":\"https:\/\/www.thermeamade.at\/en\/data-privacy\/\",\"url\":\"https:\/\/www.thermeamade.at\/en\/data-privacy\/\",\"name\":\"Data Privacy - Erlebnis-Therme Amad\u00e9 in Altenmarkt, Salzburg\",\"isPartOf\":{\"@id\":\"https:\/\/www.thermeamade.at\/#website\"},\"datePublished\":\"2018-04-21T01:41:09+00:00\",\"dateModified\":\"2018-08-08T15:37:23+00:00\",\"description\":\"Data privacy declaration for Erlebnis-Therme Amad\u00e9\",\"breadcrumb\":{\"@id\":\"https:\/\/www.thermeamade.at\/en\/data-privacy\/#breadcrumb\"},\"inLanguage\":\"en-US\",\"potentialAction\":[{\"@type\":\"ReadAction\",\"target\":[\"https:\/\/www.thermeamade.at\/en\/data-privacy\/\"]}]},{\"@type\":\"BreadcrumbList\",\"@id\":\"https:\/\/www.thermeamade.at\/en\/data-privacy\/#breadcrumb\",\"itemListElement\":[{\"@type\":\"ListItem\",\"position\":1,\"name\":\"Startseite\",\"item\":\"https:\/\/www.thermeamade.at\/en\/\"},{\"@type\":\"ListItem\",\"position\":2,\"name\":\"Data Privacy\"}]},{\"@type\":\"WebSite\",\"@id\":\"https:\/\/www.thermeamade.at\/#website\",\"url\":\"https:\/\/www.thermeamade.at\/\",\"name\":\"Erlebnis-Therme Amad\u00e9 in Altenmarkt, Salzburg\",\"description\":\"Die Therme f\u00fcr die ganze Familie inmitten der Salzburger Bergwelt\",\"potentialAction\":[{\"@type\":\"SearchAction\",\"target\":{\"@type\":\"EntryPoint\",\"urlTemplate\":\"https:\/\/www.thermeamade.at\/?s={search_term_string}\"},\"query-input\":{\"@type\":\"PropertyValueSpecification\",\"valueRequired\":true,\"valueName\":\"search_term_string\"}}],\"inLanguage\":\"en-US\"}]}<\/script>\n<!-- \/ Yoast SEO plugin. -->","yoast_head_json":{"title":"Data Privacy - Erlebnis-Therme Amad\u00e9 in Altenmarkt, Salzburg","description":"Data privacy declaration for Erlebnis-Therme Amad\u00e9","robots":{"index":"index","follow":"follow","max-snippet":"max-snippet:-1","max-image-preview":"max-image-preview:large","max-video-preview":"max-video-preview:-1"},"canonical":"https:\/\/www.thermeamade.at\/en\/data-privacy\/","og_locale":"en_US","og_type":"article","og_title":"Data Privacy - Erlebnis-Therme Amad\u00e9 in Altenmarkt, Salzburg","og_description":"Data privacy declaration for Erlebnis-Therme Amad\u00e9","og_url":"https:\/\/www.thermeamade.at\/en\/data-privacy\/","og_site_name":"Erlebnis-Therme Amad\u00e9 in Altenmarkt, Salzburg","article_modified_time":"2018-08-08T15:37:23+00:00","twitter_card":"summary_large_image","twitter_misc":{"Est. reading time":"5 minutes"},"schema":{"@context":"https:\/\/schema.org","@graph":[{"@type":"WebPage","@id":"https:\/\/www.thermeamade.at\/en\/data-privacy\/","url":"https:\/\/www.thermeamade.at\/en\/data-privacy\/","name":"Data Privacy - Erlebnis-Therme Amad\u00e9 in Altenmarkt, Salzburg","isPartOf":{"@id":"https:\/\/www.thermeamade.at\/#website"},"datePublished":"2018-04-21T01:41:09+00:00","dateModified":"2018-08-08T15:37:23+00:00","description":"Data privacy declaration for Erlebnis-Therme Amad\u00e9","breadcrumb":{"@id":"https:\/\/www.thermeamade.at\/en\/data-privacy\/#breadcrumb"},"inLanguage":"en-US","potentialAction":[{"@type":"ReadAction","target":["https:\/\/www.thermeamade.at\/en\/data-privacy\/"]}]},{"@type":"BreadcrumbList","@id":"https:\/\/www.thermeamade.at\/en\/data-privacy\/#breadcrumb","itemListElement":[{"@type":"ListItem","position":1,"name":"Startseite","item":"https:\/\/www.thermeamade.at\/en\/"},{"@type":"ListItem","position":2,"name":"Data Privacy"}]},{"@type":"WebSite","@id":"https:\/\/www.thermeamade.at\/#website","url":"https:\/\/www.thermeamade.at\/","name":"Erlebnis-Therme Amad\u00e9 in Altenmarkt, Salzburg","description":"Die Therme f\u00fcr die ganze Familie inmitten der Salzburger Bergwelt","potentialAction":[{"@type":"SearchAction","target":{"@type":"EntryPoint","urlTemplate":"https:\/\/www.thermeamade.at\/?s={search_term_string}"},"query-input":{"@type":"PropertyValueSpecification","valueRequired":true,"valueName":"search_term_string"}}],"inLanguage":"en-US"}]}},"_links":{"self":[{"href":"https:\/\/www.thermeamade.at\/en\/wp-json\/wp\/v2\/pages\/2488","targetHints":{"allow":["GET"]}}],"collection":[{"href":"https:\/\/www.thermeamade.at\/en\/wp-json\/wp\/v2\/pages"}],"about":[{"href":"https:\/\/www.thermeamade.at\/en\/wp-json\/wp\/v2\/types\/page"}],"author":[{"embeddable":true,"href":"https:\/\/www.thermeamade.at\/en\/wp-json\/wp\/v2\/users\/4"}],"replies":[{"embeddable":true,"href":"https:\/\/www.thermeamade.at\/en\/wp-json\/wp\/v2\/comments?post=2488"}],"version-history":[{"count":0,"href":"https:\/\/www.thermeamade.at\/en\/wp-json\/wp\/v2\/pages\/2488\/revisions"}],"wp:attachment":[{"href":"https:\/\/www.thermeamade.at\/en\/wp-json\/wp\/v2\/media?parent=2488"}],"curies":[{"name":"wp","href":"https:\/\/api.w.org\/{rel}","templated":true}]}}