{"id":2481,"date":"2018-04-21T22:55:47","date_gmt":"2018-04-21T20:55:47","guid":{"rendered":"https:\/\/www.thermeamade.at\/impressionen-360-tour\/"},"modified":"2018-08-07T13:09:37","modified_gmt":"2018-08-07T11:09:37","slug":"impressions-360-tour","status":"publish","type":"page","link":"https:\/\/www.thermeamade.at\/en\/sauna-altenmarkt\/impressions-360-tour\/","title":{"rendered":"Impressions"},"content":{"rendered":"<div class=\"wpb-content-wrapper\"><p>[vc_row el_class=&#8221;ohnehintergrund&#8221;][vc_column][vc_column_text]<\/p>\n<h1>Impressions<\/h1>\n<p>[\/vc_column_text][vc_column_text]<\/p>\n<h2>Accompany us to the sauna world of our thermal resort in Altenmarkt<\/h2>\n<p>[\/vc_column_text][\/vc_column][\/vc_row][vc_row el_class=&#8221;ohnehintergrund&#8221;][vc_column][vc_column_text]<\/p>\n<div id=\"jig1\" class=\"justified-image-grid jig-411e149c262b27c3ee791f68d0e58b36 jig-preset-global jig-source-wp-gallery\"><div class=\"jig-clearfix\"><\/div><noscript id=\"jig1-html\" class=\"justified-image-grid-html\" data-lazy-src=\"skiplazyload\" data-src=\"skipunveillazyload\"><ul><li><a href=\"https:\/\/www.thermeamade.at\/wp-content\/uploads\/impressionen-sauna-erlebnis-therme-amade-7.jpg\"><img decoding=\"async\" src=\"https:\/\/www.thermeamade.at\/wp-content\/plugins\/justified-image-grid\/timthumb.php?src=https%3A%2F%2Fwww.thermeamade.at%2Fwp-content%2Fuploads%2Fimpressionen-sauna-erlebnis-therme-amade-7.jpg&amp;h=280&amp;q=90&amp;f=.jpg\" alt=\"Saunabereich - Erlebnis-Therme Amad\u00e9 in Altenmarkt, Salzburger Land\" width=\"186\" height=\"280\" \/><\/a><p class=\"jig-HTMLdescription\">Saunabereich - Erlebnis-Therme Amad\u00e9 in Altenmarkt, Salzburger Land<\/p><\/li><li><a href=\"https:\/\/www.thermeamade.at\/wp-content\/uploads\/impressionen-sauna-erlebnis-therme-amade-2.jpg\" title=\"Bergkristallsauna Erlebnis-Therme Amad\u00e9 \u00a9 Nadia Jabli\"><img decoding=\"async\" src=\"https:\/\/www.thermeamade.at\/wp-content\/plugins\/justified-image-grid\/timthumb.php?src=https%3A%2F%2Fwww.thermeamade.at%2Fwp-content%2Fuploads%2Fimpressionen-sauna-erlebnis-therme-amade-2.jpg&amp;h=280&amp;q=90&amp;f=.jpg\" alt=\"Saunabereich - Erlebnis-Therme Amad\u00e9 in Altenmarkt, Salzburger Land\" width=\"186\" height=\"280\" \/><\/a><p class=\"jig-HTMLdescription\">Saunabereich - Erlebnis-Therme Amad\u00e9 in Altenmarkt, Salzburger Land<br\/>Bergkristallsauna Erlebnis-Therme Amad\u00e9 \u00a9 Nadia Jabli<\/p><\/li><li><a href=\"https:\/\/www.thermeamade.at\/wp-content\/uploads\/impressionen-sauna-erlebnis-therme-amade-9.jpg\"><img decoding=\"async\" src=\"https:\/\/www.thermeamade.at\/wp-content\/plugins\/justified-image-grid\/timthumb.php?src=https%3A%2F%2Fwww.thermeamade.at%2Fwp-content%2Fuploads%2Fimpressionen-sauna-erlebnis-therme-amade-9.jpg&amp;h=280&amp;q=90&amp;f=.jpg\" alt=\"Saunabereich - Erlebnis-Therme Amad\u00e9 in Altenmarkt, Salzburger Land\" width=\"466\" height=\"280\" \/><\/a><p class=\"jig-HTMLdescription\">Saunabereich - Erlebnis-Therme Amad\u00e9 in Altenmarkt, Salzburger Land<\/p><\/li><li><a href=\"https:\/\/www.thermeamade.at\/wp-content\/uploads\/impressionen-sauna-erlebnis-therme-amade-10.jpg\"><img decoding=\"async\" src=\"https:\/\/www.thermeamade.at\/wp-content\/plugins\/justified-image-grid\/timthumb.php?src=https%3A%2F%2Fwww.thermeamade.at%2Fwp-content%2Fuploads%2Fimpressionen-sauna-erlebnis-therme-amade-10.jpg&amp;h=280&amp;q=90&amp;f=.jpg\" alt=\"Saunabereich - Erlebnis-Therme Amad\u00e9 in Altenmarkt, Salzburger Land\" width=\"497\" height=\"280\" \/><\/a><p class=\"jig-HTMLdescription\">Saunabereich - Erlebnis-Therme Amad\u00e9 in Altenmarkt, Salzburger Land<\/p><\/li><li><a href=\"https:\/\/www.thermeamade.at\/wp-content\/uploads\/impressionen-sauna-erlebnis-therme-amade-16.jpg\"><img decoding=\"async\" src=\"https:\/\/www.thermeamade.at\/wp-content\/plugins\/justified-image-grid\/timthumb.php?src=https%3A%2F%2Fwww.thermeamade.at%2Fwp-content%2Fuploads%2Fimpressionen-sauna-erlebnis-therme-amade-16.jpg&amp;h=280&amp;q=90&amp;f=.jpg\" alt=\"impressionen-sauna-erlebnis-therme-amade-16\" width=\"419\" height=\"280\" \/><\/a><p class=\"jig-HTMLdescription\">impressionen-sauna-erlebnis-therme-amade-16<\/p><\/li><li><a href=\"https:\/\/www.thermeamade.at\/wp-content\/uploads\/impressionen-sauna-erlebnis-therme-amade-17.jpg\"><img decoding=\"async\" src=\"https:\/\/www.thermeamade.at\/wp-content\/plugins\/justified-image-grid\/timthumb.php?src=https%3A%2F%2Fwww.thermeamade.at%2Fwp-content%2Fuploads%2Fimpressionen-sauna-erlebnis-therme-amade-17.jpg&amp;h=280&amp;q=90&amp;f=.jpg\" alt=\"impressionen-sauna-erlebnis-therme-amade-17\" width=\"419\" height=\"280\" \/><\/a><p class=\"jig-HTMLdescription\">impressionen-sauna-erlebnis-therme-amade-17<\/p><\/li><li><a href=\"https:\/\/www.thermeamade.at\/wp-content\/uploads\/impressionen-sauna-erlebnis-therme-amade-12.jpg\"><img decoding=\"async\" src=\"https:\/\/www.thermeamade.at\/wp-content\/plugins\/justified-image-grid\/timthumb.php?src=https%3A%2F%2Fwww.thermeamade.at%2Fwp-content%2Fuploads%2Fimpressionen-sauna-erlebnis-therme-amade-12.jpg&amp;h=280&amp;q=90&amp;f=.jpg\" alt=\"Saunabereich - Erlebnis-Therme Amad\u00e9 in Altenmarkt, Salzburger Land\" width=\"420\" height=\"280\" \/><\/a><p class=\"jig-HTMLdescription\">Saunabereich - Erlebnis-Therme Amad\u00e9 in Altenmarkt, Salzburger Land<\/p><\/li><li><a href=\"https:\/\/www.thermeamade.at\/wp-content\/uploads\/impressionen-sauna-erlebnis-therme-amade-13.jpg\"><img decoding=\"async\" src=\"https:\/\/www.thermeamade.at\/wp-content\/plugins\/justified-image-grid\/timthumb.php?src=https%3A%2F%2Fwww.thermeamade.at%2Fwp-content%2Fuploads%2Fimpressionen-sauna-erlebnis-therme-amade-13.jpg&amp;h=280&amp;q=90&amp;f=.jpg\" alt=\"Saunabereich - Erlebnis-Therme Amad\u00e9 in Altenmarkt, Salzburger Land\" width=\"420\" height=\"280\" \/><\/a><p class=\"jig-HTMLdescription\">Saunabereich - Erlebnis-Therme Amad\u00e9 in Altenmarkt, Salzburger Land<\/p><\/li><\/ul><\/noscript><\/div>\n<p>[\/vc_column_text][\/vc_column][\/vc_row]<\/p>\n<\/div>","protected":false},"excerpt":{"rendered":"<p>[vc_row el_class=&#8221;ohnehintergrund&#8221;][vc_column][vc_column_text] Impressions [\/vc_column_text][vc_column_text] Accompany us to the sauna world of our thermal resort in Altenmarkt [\/vc_column_text][\/vc_column][\/vc_row][vc_row el_class=&#8221;ohnehintergrund&#8221;][vc_column][vc_column_text] [\/vc_column_text][\/vc_column][\/vc_row]<\/p>\n\n<p><a class=\"readmore btn btn-default btn-default btn-block\" href=\"https:\/\/www.thermeamade.at\/en\/sauna-altenmarkt\/impressions-360-tour\/\">Read More<\/a><\/p>","protected":false},"author":4,"featured_media":789,"parent":2496,"menu_order":0,"comment_status":"closed","ping_status":"closed","template":"page-sauna.php","meta":{"_acf_changed":false,"footnotes":""},"class_list":["post-2481","page","type-page","status-publish","has-post-thumbnail","hentry"],"acf":[],"yoast_head":"<!-- This site is optimized with the Yoast SEO plugin v27.4 - https:\/\/yoast.com\/product\/yoast-seo-wordpress\/ -->\n<title>Impressions - Erlebnis-Therme Amad\u00e9 in Altenmarkt, Salzburg<\/title>\n<meta name=\"description\" content=\"Enjoy photo impressions of Therme Amad\u00e9 in Altenmarkt\" \/>\n<meta name=\"robots\" content=\"index, follow, max-snippet:-1, max-image-preview:large, max-video-preview:-1\" \/>\n<link rel=\"canonical\" href=\"https:\/\/www.thermeamade.at\/en\/sauna-altenmarkt\/impressions-360-tour\/\" \/>\n<meta property=\"og:locale\" content=\"en_US\" \/>\n<meta property=\"og:type\" content=\"article\" \/>\n<meta property=\"og:title\" content=\"Impressions - Erlebnis-Therme Amad\u00e9 in Altenmarkt, Salzburg\" \/>\n<meta property=\"og:description\" content=\"Enjoy photo impressions of Therme Amad\u00e9 in Altenmarkt\" \/>\n<meta property=\"og:url\" content=\"https:\/\/www.thermeamade.at\/en\/sauna-altenmarkt\/impressions-360-tour\/\" \/>\n<meta property=\"og:site_name\" content=\"Erlebnis-Therme Amad\u00e9 in Altenmarkt, Salzburg\" \/>\n<meta property=\"article:modified_time\" content=\"2018-08-07T11:09:37+00:00\" \/>\n<meta property=\"og:image\" content=\"https:\/\/www.thermeamade.at\/wp-content\/uploads\/impressionen-saunawelt-therme-amade-altenmarkt-pongau.jpg\" \/>\n\t<meta property=\"og:image:width\" content=\"1920\" \/>\n\t<meta property=\"og:image:height\" content=\"750\" \/>\n\t<meta property=\"og:image:type\" content=\"image\/jpeg\" \/>\n<meta name=\"twitter:card\" content=\"summary_large_image\" \/>\n<script type=\"application\/ld+json\" class=\"yoast-schema-graph\">{\"@context\":\"https:\\\/\\\/schema.org\",\"@graph\":[{\"@type\":\"WebPage\",\"@id\":\"https:\\\/\\\/www.thermeamade.at\\\/en\\\/sauna-altenmarkt\\\/impressions-360-tour\\\/\",\"url\":\"https:\\\/\\\/www.thermeamade.at\\\/en\\\/sauna-altenmarkt\\\/impressions-360-tour\\\/\",\"name\":\"Impressions - Erlebnis-Therme Amad\u00e9 in Altenmarkt, Salzburg\",\"isPartOf\":{\"@id\":\"https:\\\/\\\/www.thermeamade.at\\\/#website\"},\"primaryImageOfPage\":{\"@id\":\"https:\\\/\\\/www.thermeamade.at\\\/en\\\/sauna-altenmarkt\\\/impressions-360-tour\\\/#primaryimage\"},\"image\":{\"@id\":\"https:\\\/\\\/www.thermeamade.at\\\/en\\\/sauna-altenmarkt\\\/impressions-360-tour\\\/#primaryimage\"},\"thumbnailUrl\":\"https:\\\/\\\/www.thermeamade.at\\\/wp-content\\\/uploads\\\/impressionen-saunawelt-therme-amade-altenmarkt-pongau.jpg\",\"datePublished\":\"2018-04-21T20:55:47+00:00\",\"dateModified\":\"2018-08-07T11:09:37+00:00\",\"description\":\"Enjoy photo impressions of Therme Amad\u00e9 in Altenmarkt\",\"breadcrumb\":{\"@id\":\"https:\\\/\\\/www.thermeamade.at\\\/en\\\/sauna-altenmarkt\\\/impressions-360-tour\\\/#breadcrumb\"},\"inLanguage\":\"en-US\",\"potentialAction\":[{\"@type\":\"ReadAction\",\"target\":[\"https:\\\/\\\/www.thermeamade.at\\\/en\\\/sauna-altenmarkt\\\/impressions-360-tour\\\/\"]}]},{\"@type\":\"ImageObject\",\"inLanguage\":\"en-US\",\"@id\":\"https:\\\/\\\/www.thermeamade.at\\\/en\\\/sauna-altenmarkt\\\/impressions-360-tour\\\/#primaryimage\",\"url\":\"https:\\\/\\\/www.thermeamade.at\\\/wp-content\\\/uploads\\\/impressionen-saunawelt-therme-amade-altenmarkt-pongau.jpg\",\"contentUrl\":\"https:\\\/\\\/www.thermeamade.at\\\/wp-content\\\/uploads\\\/impressionen-saunawelt-therme-amade-altenmarkt-pongau.jpg\",\"width\":\"1920\",\"height\":\"750\",\"caption\":\"Gro\u00dfz\u00fcgige Saunalandschaft - Erlebnis-Therme Amad\u00e9 in Altenmarkt\"},{\"@type\":\"BreadcrumbList\",\"@id\":\"https:\\\/\\\/www.thermeamade.at\\\/en\\\/sauna-altenmarkt\\\/impressions-360-tour\\\/#breadcrumb\",\"itemListElement\":[{\"@type\":\"ListItem\",\"position\":1,\"name\":\"Startseite\",\"item\":\"https:\\\/\\\/www.thermeamade.at\\\/en\\\/\"},{\"@type\":\"ListItem\",\"position\":2,\"name\":\"Sauna\",\"item\":\"https:\\\/\\\/www.thermeamade.at\\\/en\\\/sauna-altenmarkt\\\/\"},{\"@type\":\"ListItem\",\"position\":3,\"name\":\"Impressions\"}]},{\"@type\":\"WebSite\",\"@id\":\"https:\\\/\\\/www.thermeamade.at\\\/#website\",\"url\":\"https:\\\/\\\/www.thermeamade.at\\\/\",\"name\":\"Erlebnis-Therme Amad\u00e9 in Altenmarkt, Salzburg\",\"description\":\"Die Therme f\u00fcr die ganze Familie inmitten der Salzburger Bergwelt\",\"potentialAction\":[{\"@type\":\"SearchAction\",\"target\":{\"@type\":\"EntryPoint\",\"urlTemplate\":\"https:\\\/\\\/www.thermeamade.at\\\/?s={search_term_string}\"},\"query-input\":{\"@type\":\"PropertyValueSpecification\",\"valueRequired\":true,\"valueName\":\"search_term_string\"}}],\"inLanguage\":\"en-US\"}]}<\/script>\n<!-- \/ Yoast SEO plugin. -->","yoast_head_json":{"title":"Impressions - Erlebnis-Therme Amad\u00e9 in Altenmarkt, Salzburg","description":"Enjoy photo impressions of Therme Amad\u00e9 in Altenmarkt","robots":{"index":"index","follow":"follow","max-snippet":"max-snippet:-1","max-image-preview":"max-image-preview:large","max-video-preview":"max-video-preview:-1"},"canonical":"https:\/\/www.thermeamade.at\/en\/sauna-altenmarkt\/impressions-360-tour\/","og_locale":"en_US","og_type":"article","og_title":"Impressions - Erlebnis-Therme Amad\u00e9 in Altenmarkt, Salzburg","og_description":"Enjoy photo impressions of Therme Amad\u00e9 in Altenmarkt","og_url":"https:\/\/www.thermeamade.at\/en\/sauna-altenmarkt\/impressions-360-tour\/","og_site_name":"Erlebnis-Therme Amad\u00e9 in Altenmarkt, Salzburg","article_modified_time":"2018-08-07T11:09:37+00:00","og_image":[{"width":1920,"height":750,"url":"https:\/\/www.thermeamade.at\/wp-content\/uploads\/impressionen-saunawelt-therme-amade-altenmarkt-pongau.jpg","type":"image\/jpeg"}],"twitter_card":"summary_large_image","schema":{"@context":"https:\/\/schema.org","@graph":[{"@type":"WebPage","@id":"https:\/\/www.thermeamade.at\/en\/sauna-altenmarkt\/impressions-360-tour\/","url":"https:\/\/www.thermeamade.at\/en\/sauna-altenmarkt\/impressions-360-tour\/","name":"Impressions - Erlebnis-Therme Amad\u00e9 in Altenmarkt, Salzburg","isPartOf":{"@id":"https:\/\/www.thermeamade.at\/#website"},"primaryImageOfPage":{"@id":"https:\/\/www.thermeamade.at\/en\/sauna-altenmarkt\/impressions-360-tour\/#primaryimage"},"image":{"@id":"https:\/\/www.thermeamade.at\/en\/sauna-altenmarkt\/impressions-360-tour\/#primaryimage"},"thumbnailUrl":"https:\/\/www.thermeamade.at\/wp-content\/uploads\/impressionen-saunawelt-therme-amade-altenmarkt-pongau.jpg","datePublished":"2018-04-21T20:55:47+00:00","dateModified":"2018-08-07T11:09:37+00:00","description":"Enjoy photo impressions of Therme Amad\u00e9 in Altenmarkt","breadcrumb":{"@id":"https:\/\/www.thermeamade.at\/en\/sauna-altenmarkt\/impressions-360-tour\/#breadcrumb"},"inLanguage":"en-US","potentialAction":[{"@type":"ReadAction","target":["https:\/\/www.thermeamade.at\/en\/sauna-altenmarkt\/impressions-360-tour\/"]}]},{"@type":"ImageObject","inLanguage":"en-US","@id":"https:\/\/www.thermeamade.at\/en\/sauna-altenmarkt\/impressions-360-tour\/#primaryimage","url":"https:\/\/www.thermeamade.at\/wp-content\/uploads\/impressionen-saunawelt-therme-amade-altenmarkt-pongau.jpg","contentUrl":"https:\/\/www.thermeamade.at\/wp-content\/uploads\/impressionen-saunawelt-therme-amade-altenmarkt-pongau.jpg","width":"1920","height":"750","caption":"Gro\u00dfz\u00fcgige Saunalandschaft - Erlebnis-Therme Amad\u00e9 in Altenmarkt"},{"@type":"BreadcrumbList","@id":"https:\/\/www.thermeamade.at\/en\/sauna-altenmarkt\/impressions-360-tour\/#breadcrumb","itemListElement":[{"@type":"ListItem","position":1,"name":"Startseite","item":"https:\/\/www.thermeamade.at\/en\/"},{"@type":"ListItem","position":2,"name":"Sauna","item":"https:\/\/www.thermeamade.at\/en\/sauna-altenmarkt\/"},{"@type":"ListItem","position":3,"name":"Impressions"}]},{"@type":"WebSite","@id":"https:\/\/www.thermeamade.at\/#website","url":"https:\/\/www.thermeamade.at\/","name":"Erlebnis-Therme Amad\u00e9 in Altenmarkt, Salzburg","description":"Die Therme f\u00fcr die ganze Familie inmitten der Salzburger Bergwelt","potentialAction":[{"@type":"SearchAction","target":{"@type":"EntryPoint","urlTemplate":"https:\/\/www.thermeamade.at\/?s={search_term_string}"},"query-input":{"@type":"PropertyValueSpecification","valueRequired":true,"valueName":"search_term_string"}}],"inLanguage":"en-US"}]}},"_links":{"self":[{"href":"https:\/\/www.thermeamade.at\/en\/wp-json\/wp\/v2\/pages\/2481","targetHints":{"allow":["GET"]}}],"collection":[{"href":"https:\/\/www.thermeamade.at\/en\/wp-json\/wp\/v2\/pages"}],"about":[{"href":"https:\/\/www.thermeamade.at\/en\/wp-json\/wp\/v2\/types\/page"}],"author":[{"embeddable":true,"href":"https:\/\/www.thermeamade.at\/en\/wp-json\/wp\/v2\/users\/4"}],"replies":[{"embeddable":true,"href":"https:\/\/www.thermeamade.at\/en\/wp-json\/wp\/v2\/comments?post=2481"}],"version-history":[{"count":0,"href":"https:\/\/www.thermeamade.at\/en\/wp-json\/wp\/v2\/pages\/2481\/revisions"}],"up":[{"embeddable":true,"href":"https:\/\/www.thermeamade.at\/en\/wp-json\/wp\/v2\/pages\/2496"}],"wp:featuredmedia":[{"embeddable":true,"href":"https:\/\/www.thermeamade.at\/en\/wp-json\/wp\/v2\/media\/789"}],"wp:attachment":[{"href":"https:\/\/www.thermeamade.at\/en\/wp-json\/wp\/v2\/media?parent=2481"}],"curies":[{"name":"wp","href":"https:\/\/api.w.org\/{rel}","templated":true}]}}